{"id":723,"date":"2021-05-11T03:58:02","date_gmt":"2021-05-11T02:58:02","guid":{"rendered":"https:\/\/cara-shanti.com\/about-me\/"},"modified":"2026-01-25T18:12:48","modified_gmt":"2026-01-25T18:12:48","slug":"about-me","status":"publish","type":"page","link":"https:\/\/cara-shanti.com\/fr\/about-me\/","title":{"rendered":"Qui suis-je?"},"content":{"rendered":"<\/div>\n\n\n<div class=\"wp-block-cover alignfull is-light has-parallax is-style-default\" style=\"min-height:329px;aspect-ratio:unset;\"><div class=\"wp-block-cover__image-background wp-image-2565 has-parallax\" style=\"background-position:50% 50%;background-image:url(https:\/\/cara-shanti.com\/wp-content\/uploads\/2024\/06\/woman-playing-flute-forest-1.jpg)\"><\/div><span aria-hidden=\"true\" class=\"wp-block-cover__background has-background-dim-0 has-background-dim\" style=\"background-color:#838865\"><\/span><div class=\"wp-block-cover__inner-container is-layout-flow wp-block-cover-is-layout-flow\">\n<p class=\"has-text-align-center has-large-font-size\"><\/p>\n<\/div><\/div>\n\n\n<div class=\"container-xl\">\n\n\n<\/div>\n\n\n<div class=\"wp-block-group is-layout-constrained wp-block-group-is-layout-constrained\">\n<figure class=\"wp-block-image size-large\"><img fetchpriority=\"high\" decoding=\"async\" width=\"1024\" height=\"128\" src=\"https:\/\/cara-shanti.com\/wp-content\/uploads\/2021\/06\/sahasrara-chakra-separator-1-1024x128.png\" alt=\"\" class=\"wp-image-310\" srcset=\"https:\/\/cara-shanti.com\/wp-content\/uploads\/2021\/06\/sahasrara-chakra-separator-1-1024x128.png 1024w, https:\/\/cara-shanti.com\/wp-content\/uploads\/2021\/06\/sahasrara-chakra-separator-1-600x75.png 600w, https:\/\/cara-shanti.com\/wp-content\/uploads\/2021\/06\/sahasrara-chakra-separator-1-300x38.png 300w, https:\/\/cara-shanti.com\/wp-content\/uploads\/2021\/06\/sahasrara-chakra-separator-1-768x96.png 768w, https:\/\/cara-shanti.com\/wp-content\/uploads\/2021\/06\/sahasrara-chakra-separator-1-1536x192.png 1536w, https:\/\/cara-shanti.com\/wp-content\/uploads\/2021\/06\/sahasrara-chakra-separator-1-480x60.png 480w, https:\/\/cara-shanti.com\/wp-content\/uploads\/2021\/06\/sahasrara-chakra-separator-1.png 2000w\" sizes=\"(max-width: 1024px) 100vw, 1024px\" \/><\/figure>\n\n\n\n<p>Bonjour,<\/p>\n\n\n\n<p><strong>Je m\u2019appelle Caroline Bricout, mais tout le monde m\u2019appelle Cara.<\/strong> Je suis professeure de yoga et th\u00e9rapeute en embodiment et pratique somatique. Je suis aussi \u00e9tudiante en psychologie et psychanalyse. <\/p>\n\n\n\n<p>Au cours de mon parcours, j\u2019ai eu l\u2019opportunit\u00e9 d\u2019explorer diff\u00e9rentes branches du yoga, comme le Tantra traditionnel, le Yin, le Vinyasa ou encore la danse sacr\u00e9e. Aujourd\u2019hui, j\u2019ai acquis suffisamment de connaissances pour organiser des retraites et des \u00e9v\u00e9nements tels que des cercles de femmes ou des c\u00e9r\u00e9monies de cacao, ou rites de passage.<\/p>\n\n\n\n<h2 class=\"wp-block-heading\"><mark style=\"background-color:rgba(0, 0, 0, 0)\" class=\"has-inline-color has-purple-color\">Mon Histoire Personelle : <\/mark><\/h2>\n\n\n\n<p><strong>Mon histoire avec le monde de la th\u00e9rapie commence tr\u00e8s t\u00f4t<\/strong>, dans le silence d\u2019une perte trop grande pour mes quatre ans. Quelques jours apr\u00e8s sa naissance, j\u2019ai perdu ma s\u0153ur. Ce drame a boulevers\u00e9 ma famille et a laiss\u00e9 en moi un sentiment de culpabilit\u00e9 et un vide profond ; un vide que je n\u2019ai r\u00e9ellement commenc\u00e9 \u00e0 apprivoiser qu\u2019\u00e0 l\u2019\u00e2ge adulte.<\/p>\n\n\n\n<p>Mon adolescence a \u00e9t\u00e9 travers\u00e9e par des temp\u00eates int\u00e9rieures. \u00c0 cette \u00e9poque, je n\u2019avais pas encore les outils pour comprendre ce qui se jouait. Le corps parlait, bien avant que les mots ne puissent exister.<\/p>\n\n\n\n<p>Autour de mes 23 ans, ce dialogue est devenu impossible \u00e0 ignorer. Insomnies, angoisses, sympt\u00f4mes somatiques\u2026 quelque chose en moi appelait \u00e0 l\u2019aide.<\/p>\n\n\n\n<p>C\u2019est ainsi que j\u2019ai d\u00e9cid\u00e9 \u00ab d\u2019essayer le yoga \u00bb. Comme toute personne qui ne conna\u00eet pas le yoga, j\u2019ai simplement choisi un cours qui correspondait \u00e0 mon emploi du temps. Je me suis donc retrouv\u00e9e dans un cours d\u2019Ashtanga, men\u00e9 par une ancienne danseuse classique, tr\u00e8s s\u00e9rieuse, tr\u00e8s exigeante.<br>Autant dire que pour une premi\u00e8re rencontre, le yoga n\u2019a rien eu de doux ni de relaxant.<\/p>\n\n\n\n<p>Je me souviens \u00eatre repartie en me demandant ce que les gens pouvaient bien trouver d\u2019apaisant dans cette pratique, convaincue que ce n\u2019\u00e9tait clairement pas pour moi.<\/p>\n\n\n\n<p><em>Et pourtant, quelque chose est rest\u00e9.<\/em><\/p>\n\n\n\n<p>Quelques ann\u00e9es plus tard, lors d\u2019une retraite silencieuse en Tha\u00eflande, au <a href=\"https:\/\/dipabhavan.weebly.com\/\"><strong>centre de m\u00e9ditation Dipabh\u0101van<\/strong><\/a>, le yoga s\u2019est pr\u00e9sent\u00e9 autrement. Pour la premi\u00e8re fois, <strong>le corps n\u2019\u00e9tait plus un lieu de lutte, mais un espace d\u2019\u00e9coute.<\/strong><\/p>\n\n\n\n<p>C\u2019est l\u00e0 qu\u2019un chemin s\u2019est ouvert.<br>Un chemin qui, depuis, ne m\u2019a plus quitt\u00e9e.<\/p>\n<\/div>\n\n\n<div class=\"container-xl\">\n\n\n<\/div>\n\n\n<div class=\"wp-block-cover alignfull has-parallax\" style=\"min-height:345px;aspect-ratio:unset;\"><div class=\"wp-block-cover__image-background wp-image-2567 has-parallax\" style=\"background-position:50% 50%;background-image:url(https:\/\/cara-shanti.com\/wp-content\/uploads\/2024\/06\/cara-shanti-natarajasana-yoga-dancer-1.jpg)\"><\/div><span aria-hidden=\"true\" class=\"wp-block-cover__background has-background-dim-0 has-background-dim\" style=\"background-color:#5c5f4f\"><\/span><div class=\"wp-block-cover__inner-container is-layout-flow wp-block-cover-is-layout-flow\">\n<p class=\"has-text-align-center has-large-font-size\"><mark style=\"background-color:rgba(0, 0, 0, 0)\" class=\"has-inline-color has-light-purple-color\">\u201cLe yoga c&#8217;est l&#8217;\u00e9cole de la vie et de la d\u00e9couverte de soi\u201d<\/mark><\/p>\n<\/div><\/div>\n\n\n<div class=\"container-xl\">\n\n\n<\/div>\n\n\n<div class=\"wp-block-group is-layout-constrained wp-block-group-is-layout-constrained\">\n<p><strong>Au fil des ann\u00e9es, j\u2019ai explor\u00e9 diff\u00e9rentes approches :<\/strong> Hatha, Yin, Tantra traditionnel, pratiques somatiques, danses sacr\u00e9es. Mon propre cheminement m\u2019a naturellement men\u00e9e vers une pratique plus lente, plus sensible, attentive aux rythmes du syst\u00e8me nerveux et \u00e0 l\u2019histoire inscrite dans le corps.<\/p>\n\n\n\n<p>Devenir professeure de yoga n\u2019a pas \u00e9t\u00e9 un projet de carri\u00e8re, mais une continuit\u00e9. Une mani\u00e8re de partager ce que j\u2019aurais aim\u00e9 trouver plus t\u00f4t : un espace s\u00e9curisant, respectueux, o\u00f9 le corps n\u2019a rien \u00e0 prouver.<\/p>\n\n\n\n<p>Aujourd\u2019hui, mon int\u00e9r\u00eat pour la psychologie et la psychanalyse vient approfondir cette approche. J\u2019explore le lien entre corps, \u00e9motions et v\u00e9cu, avec l\u2019envie d\u2019accompagner les personnes vers plus de pr\u00e9sence, d\u2019int\u00e9grit\u00e9 et de douceur envers elles-m\u00eames.<\/p>\n\n\n\n<p>Je partage ce parcours pour celles et ceux qui cherchent \u00e0 se lib\u00e9rer, \u00e0 r\u00e9concilier corps et esprit, et \u00e0 retrouver leur moi int\u00e9rieur. Parce que m\u00eame dans le vide et la douleur, il est possible de se reconstruire, de respirer et d\u2019\u00eatre entier.<\/p>\n\n\n\n<p>Si ce chemin r\u00e9sonne pour vous, vous \u00eates libre de me <a href=\"https:\/\/cara-shanti.com\/fr\/contact-me\/\">contactez<\/a>.<\/p>\n\n\n\n<div style=\"height:40px\" aria-hidden=\"true\" class=\"wp-block-spacer\"><\/div>\n\n\n\n<div class=\"wp-block-buttons is-horizontal is-content-justification-center is-layout-flex wp-container-core-buttons-is-layout-499968f5 wp-block-buttons-is-layout-flex\">\n<div class=\"wp-block-button\"><a class=\"wp-block-button__link has-purple-background-color has-background wp-element-button\" href=\"https:\/\/cara-shanti.com\/fr\/contact-me\/\">R\u00e9server une s\u00e9ance d\u00e9couverte<\/a><\/div>\n<\/div>\n<\/div>\n\n\n<div class=\"container-xl\">\n","protected":false},"excerpt":{"rendered":"<p>Bonjour, Je m\u2019appelle Caroline Bricout, mais tout le monde m\u2019appelle Cara. Je suis professeure de yoga et th\u00e9rapeute en embodiment et pratique somatique. Je suis aussi \u00e9tudiante en psychologie et psychanalyse. Au cours de mon parcours, j\u2019ai eu l\u2019opportunit\u00e9 d\u2019explorer diff\u00e9rentes branches du yoga, comme le Tantra traditionnel, le Yin, le Vinyasa ou encore la [&hellip;]<\/p>\n","protected":false},"author":2,"featured_media":0,"parent":0,"menu_order":0,"comment_status":"closed","ping_status":"closed","template":"","meta":{"_acf_changed":false,"footnotes":""},"class_list":["post-723","page","type-page","status-publish","hentry"],"acf":[],"yoast_head":"<!-- This site is optimized with the Yoast SEO plugin v27.4 - https:\/\/yoast.com\/product\/yoast-seo-wordpress\/ -->\n<title>Qui Suis-Je? | Th\u00e9rapie du Yoga &amp; Embodiment | Cara Shanti<\/title>\n<meta name=\"description\" content=\"Shanti veut dire paix et Cara vient de mon pr\u00e9nom, Caroline. Cara Shanti a pour but de vous aider \u00e0 retrouver cette paix int\u00e9rieure grce au yoga.\" \/>\n<meta name=\"robots\" content=\"index, follow, max-snippet:-1, max-image-preview:large, max-video-preview:-1\" \/>\n<link rel=\"canonical\" href=\"https:\/\/cara-shanti.com\/fr\/about-me\/\" \/>\n<meta property=\"og:locale\" content=\"fr_FR\" \/>\n<meta property=\"og:type\" content=\"article\" \/>\n<meta property=\"og:title\" content=\"Qui Suis-Je? | Th\u00e9rapie du Yoga &amp; Embodiment | Cara Shanti\" \/>\n<meta property=\"og:description\" content=\"Shanti veut dire paix et Cara vient de mon pr\u00e9nom, Caroline. Cara Shanti a pour but de vous aider \u00e0 retrouver cette paix int\u00e9rieure grce au yoga.\" \/>\n<meta property=\"og:url\" content=\"https:\/\/cara-shanti.com\/fr\/about-me\/\" \/>\n<meta property=\"og:site_name\" content=\"Cara Shanti\" \/>\n<meta property=\"article:modified_time\" content=\"2026-01-25T18:12:48+00:00\" \/>\n<meta property=\"og:image\" content=\"https:\/\/cara-shanti.com\/wp-content\/uploads\/2021\/06\/sahasrara-chakra-separator-1.png\" \/>\n\t<meta property=\"og:image:width\" content=\"2000\" \/>\n\t<meta property=\"og:image:height\" content=\"250\" \/>\n\t<meta property=\"og:image:type\" content=\"image\/png\" \/>\n<meta name=\"twitter:card\" content=\"summary_large_image\" \/>\n<meta name=\"twitter:label1\" content=\"Est. reading time\" \/>\n\t<meta name=\"twitter:data1\" content=\"3 minutes\" \/>\n<script type=\"application\/ld+json\" class=\"yoast-schema-graph\">{\"@context\":\"https:\\\/\\\/schema.org\",\"@graph\":[{\"@type\":\"WebPage\",\"@id\":\"https:\\\/\\\/cara-shanti.com\\\/fr\\\/about-me\\\/\",\"url\":\"https:\\\/\\\/cara-shanti.com\\\/fr\\\/about-me\\\/\",\"name\":\"Qui Suis-Je? | Th\u00e9rapie du Yoga & Embodiment | Cara Shanti\",\"isPartOf\":{\"@id\":\"https:\\\/\\\/cara-shanti.com\\\/#website\"},\"primaryImageOfPage\":{\"@id\":\"https:\\\/\\\/cara-shanti.com\\\/fr\\\/about-me\\\/#primaryimage\"},\"image\":{\"@id\":\"https:\\\/\\\/cara-shanti.com\\\/fr\\\/about-me\\\/#primaryimage\"},\"thumbnailUrl\":\"https:\\\/\\\/cara-shanti.com\\\/wp-content\\\/uploads\\\/2021\\\/06\\\/sahasrara-chakra-separator-1-1024x128.png\",\"datePublished\":\"2021-05-11T02:58:02+00:00\",\"dateModified\":\"2026-01-25T18:12:48+00:00\",\"description\":\"Shanti veut dire paix et Cara vient de mon pr\u00e9nom, Caroline. Cara Shanti a pour but de vous aider \u00e0 retrouver cette paix int\u00e9rieure grce au yoga.\",\"breadcrumb\":{\"@id\":\"https:\\\/\\\/cara-shanti.com\\\/fr\\\/about-me\\\/#breadcrumb\"},\"inLanguage\":\"fr-FR\",\"potentialAction\":[{\"@type\":\"ReadAction\",\"target\":[\"https:\\\/\\\/cara-shanti.com\\\/fr\\\/about-me\\\/\"]}]},{\"@type\":\"ImageObject\",\"inLanguage\":\"fr-FR\",\"@id\":\"https:\\\/\\\/cara-shanti.com\\\/fr\\\/about-me\\\/#primaryimage\",\"url\":\"https:\\\/\\\/cara-shanti.com\\\/wp-content\\\/uploads\\\/2021\\\/06\\\/sahasrara-chakra-separator-1-1024x128.png\",\"contentUrl\":\"https:\\\/\\\/cara-shanti.com\\\/wp-content\\\/uploads\\\/2021\\\/06\\\/sahasrara-chakra-separator-1-1024x128.png\"},{\"@type\":\"BreadcrumbList\",\"@id\":\"https:\\\/\\\/cara-shanti.com\\\/fr\\\/about-me\\\/#breadcrumb\",\"itemListElement\":[{\"@type\":\"ListItem\",\"position\":1,\"name\":\"Home\",\"item\":\"https:\\\/\\\/cara-shanti.com\\\/fr\\\/\"},{\"@type\":\"ListItem\",\"position\":2,\"name\":\"Qui suis-je?\"}]},{\"@type\":\"WebSite\",\"@id\":\"https:\\\/\\\/cara-shanti.com\\\/#website\",\"url\":\"https:\\\/\\\/cara-shanti.com\\\/\",\"name\":\"Cara Shanti\",\"description\":\"Somatic Yoga &amp; Embodiment Therapy\",\"publisher\":{\"@id\":\"https:\\\/\\\/cara-shanti.com\\\/#organization\"},\"potentialAction\":[{\"@type\":\"SearchAction\",\"target\":{\"@type\":\"EntryPoint\",\"urlTemplate\":\"https:\\\/\\\/cara-shanti.com\\\/?s={search_term_string}\"},\"query-input\":{\"@type\":\"PropertyValueSpecification\",\"valueRequired\":true,\"valueName\":\"search_term_string\"}}],\"inLanguage\":\"fr-FR\"},{\"@type\":\"Organization\",\"@id\":\"https:\\\/\\\/cara-shanti.com\\\/#organization\",\"name\":\"Cara Shanti\",\"url\":\"https:\\\/\\\/cara-shanti.com\\\/\",\"logo\":{\"@type\":\"ImageObject\",\"inLanguage\":\"fr-FR\",\"@id\":\"https:\\\/\\\/cara-shanti.com\\\/#\\\/schema\\\/logo\\\/image\\\/\",\"url\":\"https:\\\/\\\/cara-shanti.com\\\/wp-content\\\/uploads\\\/2021\\\/07\\\/cropped-Sahasrara_Chakra_Spirituality.jpg\",\"contentUrl\":\"https:\\\/\\\/cara-shanti.com\\\/wp-content\\\/uploads\\\/2021\\\/07\\\/cropped-Sahasrara_Chakra_Spirituality.jpg\",\"width\":512,\"height\":512,\"caption\":\"Cara Shanti\"},\"image\":{\"@id\":\"https:\\\/\\\/cara-shanti.com\\\/#\\\/schema\\\/logo\\\/image\\\/\"}}]}<\/script>\n<!-- \/ Yoast SEO plugin. -->","yoast_head_json":{"title":"Qui Suis-Je? | Th\u00e9rapie du Yoga & Embodiment | Cara Shanti","description":"Shanti veut dire paix et Cara vient de mon pr\u00e9nom, Caroline. Cara Shanti a pour but de vous aider \u00e0 retrouver cette paix int\u00e9rieure grce au yoga.","robots":{"index":"index","follow":"follow","max-snippet":"max-snippet:-1","max-image-preview":"max-image-preview:large","max-video-preview":"max-video-preview:-1"},"canonical":"https:\/\/cara-shanti.com\/fr\/about-me\/","og_locale":"fr_FR","og_type":"article","og_title":"Qui Suis-Je? | Th\u00e9rapie du Yoga & Embodiment | Cara Shanti","og_description":"Shanti veut dire paix et Cara vient de mon pr\u00e9nom, Caroline. Cara Shanti a pour but de vous aider \u00e0 retrouver cette paix int\u00e9rieure grce au yoga.","og_url":"https:\/\/cara-shanti.com\/fr\/about-me\/","og_site_name":"Cara Shanti","article_modified_time":"2026-01-25T18:12:48+00:00","og_image":[{"width":2000,"height":250,"url":"https:\/\/cara-shanti.com\/wp-content\/uploads\/2021\/06\/sahasrara-chakra-separator-1.png","type":"image\/png"}],"twitter_card":"summary_large_image","twitter_misc":{"Est. reading time":"3 minutes"},"schema":{"@context":"https:\/\/schema.org","@graph":[{"@type":"WebPage","@id":"https:\/\/cara-shanti.com\/fr\/about-me\/","url":"https:\/\/cara-shanti.com\/fr\/about-me\/","name":"Qui Suis-Je? | Th\u00e9rapie du Yoga & Embodiment | Cara Shanti","isPartOf":{"@id":"https:\/\/cara-shanti.com\/#website"},"primaryImageOfPage":{"@id":"https:\/\/cara-shanti.com\/fr\/about-me\/#primaryimage"},"image":{"@id":"https:\/\/cara-shanti.com\/fr\/about-me\/#primaryimage"},"thumbnailUrl":"https:\/\/cara-shanti.com\/wp-content\/uploads\/2021\/06\/sahasrara-chakra-separator-1-1024x128.png","datePublished":"2021-05-11T02:58:02+00:00","dateModified":"2026-01-25T18:12:48+00:00","description":"Shanti veut dire paix et Cara vient de mon pr\u00e9nom, Caroline. Cara Shanti a pour but de vous aider \u00e0 retrouver cette paix int\u00e9rieure grce au yoga.","breadcrumb":{"@id":"https:\/\/cara-shanti.com\/fr\/about-me\/#breadcrumb"},"inLanguage":"fr-FR","potentialAction":[{"@type":"ReadAction","target":["https:\/\/cara-shanti.com\/fr\/about-me\/"]}]},{"@type":"ImageObject","inLanguage":"fr-FR","@id":"https:\/\/cara-shanti.com\/fr\/about-me\/#primaryimage","url":"https:\/\/cara-shanti.com\/wp-content\/uploads\/2021\/06\/sahasrara-chakra-separator-1-1024x128.png","contentUrl":"https:\/\/cara-shanti.com\/wp-content\/uploads\/2021\/06\/sahasrara-chakra-separator-1-1024x128.png"},{"@type":"BreadcrumbList","@id":"https:\/\/cara-shanti.com\/fr\/about-me\/#breadcrumb","itemListElement":[{"@type":"ListItem","position":1,"name":"Home","item":"https:\/\/cara-shanti.com\/fr\/"},{"@type":"ListItem","position":2,"name":"Qui suis-je?"}]},{"@type":"WebSite","@id":"https:\/\/cara-shanti.com\/#website","url":"https:\/\/cara-shanti.com\/","name":"Cara Shanti","description":"Somatic Yoga &amp; Embodiment Therapy","publisher":{"@id":"https:\/\/cara-shanti.com\/#organization"},"potentialAction":[{"@type":"SearchAction","target":{"@type":"EntryPoint","urlTemplate":"https:\/\/cara-shanti.com\/?s={search_term_string}"},"query-input":{"@type":"PropertyValueSpecification","valueRequired":true,"valueName":"search_term_string"}}],"inLanguage":"fr-FR"},{"@type":"Organization","@id":"https:\/\/cara-shanti.com\/#organization","name":"Cara Shanti","url":"https:\/\/cara-shanti.com\/","logo":{"@type":"ImageObject","inLanguage":"fr-FR","@id":"https:\/\/cara-shanti.com\/#\/schema\/logo\/image\/","url":"https:\/\/cara-shanti.com\/wp-content\/uploads\/2021\/07\/cropped-Sahasrara_Chakra_Spirituality.jpg","contentUrl":"https:\/\/cara-shanti.com\/wp-content\/uploads\/2021\/07\/cropped-Sahasrara_Chakra_Spirituality.jpg","width":512,"height":512,"caption":"Cara Shanti"},"image":{"@id":"https:\/\/cara-shanti.com\/#\/schema\/logo\/image\/"}}]}},"jetpack_sharing_enabled":true,"_links":{"self":[{"href":"https:\/\/cara-shanti.com\/fr\/wp-json\/wp\/v2\/pages\/723","targetHints":{"allow":["GET"]}}],"collection":[{"href":"https:\/\/cara-shanti.com\/fr\/wp-json\/wp\/v2\/pages"}],"about":[{"href":"https:\/\/cara-shanti.com\/fr\/wp-json\/wp\/v2\/types\/page"}],"author":[{"embeddable":true,"href":"https:\/\/cara-shanti.com\/fr\/wp-json\/wp\/v2\/users\/2"}],"replies":[{"embeddable":true,"href":"https:\/\/cara-shanti.com\/fr\/wp-json\/wp\/v2\/comments?post=723"}],"version-history":[{"count":24,"href":"https:\/\/cara-shanti.com\/fr\/wp-json\/wp\/v2\/pages\/723\/revisions"}],"predecessor-version":[{"id":3191,"href":"https:\/\/cara-shanti.com\/fr\/wp-json\/wp\/v2\/pages\/723\/revisions\/3191"}],"wp:attachment":[{"href":"https:\/\/cara-shanti.com\/fr\/wp-json\/wp\/v2\/media?parent=723"}],"curies":[{"name":"wp","href":"https:\/\/api.w.org\/{rel}","templated":true}]}}