{"id":1331,"date":"2023-06-25T19:35:33","date_gmt":"2023-06-25T18:35:33","guid":{"rendered":"https:\/\/cara-shanti.com\/?page_id=1331"},"modified":"2023-06-25T20:34:32","modified_gmt":"2023-06-25T19:34:32","slug":"conditions-generales-de-vente","status":"publish","type":"page","link":"https:\/\/cara-shanti.com\/fr\/conditions-generales-de-vente\/","title":{"rendered":"CONDITIONS GENERALES DE VENTE"},"content":{"rendered":"\n<h2 class=\"wp-block-heading\">Applicables \u00e0 compter du 25\/06\/2023<\/h2>\n\n\n\n<h2 class=\"wp-block-heading\">Clause n\u00b0 1 : Objet et champ d&#8217;application<\/h2>\n\n\n\n<p>Les pr\u00e9sentes conditions g\u00e9n\u00e9rales de vente (CGV) constituent le socle de la n\u00e9gociation commerciale et sont syst\u00e9matiquement adress\u00e9es ou remises \u00e0 chaque acheteur pour lui permettre de passer commande.<\/p>\n\n\n\n<p>Les conditions g\u00e9n\u00e9rales de vente d\u00e9crites ci-apr\u00e8s d\u00e9taillent les droits et obligations de la soci\u00e9t\u00e9 <strong>Caroline Bricout EI <\/strong>et de son client dans le cadre de la vente des services suivantes : Cours de yoga <\/p>\n\n\n\n<p>Toute acceptation du devis\/bon de commande en ce compris la clause \u00ab Je reconnais avoir pris connaissance et j&#8217;accepte les conditions g\u00e9n\u00e9rales de vente ci-annex\u00e9es \u00bb implique l&#8217;adh\u00e9sion sans r\u00e9serve de l&#8217;acheteur aux pr\u00e9sentes conditions g\u00e9n\u00e9rales de vente.<\/p>\n\n\n\n<h2 class=\"wp-block-heading\">Clause n\u00b0 2 : Prix<\/h2>\n\n\n\n<p>Les prix des marchandises vendues sont ceux en vigueur au jour de la prise de commande. Ils sont libell\u00e9s en euros ou en Pesos Mexicain et calcul\u00e9s taxes comprises. <\/p>\n\n\n\n<p>La soci\u00e9t\u00e9 <strong>Caroline Bricout EI<\/strong> s&#8217;accorde le droit de modifier ses tarifs \u00e0 tout moment. Toutefois, elle s&#8217;engage \u00e0 facturer les marchandises command\u00e9es aux prix indiqu\u00e9s lors de l&#8217;enregistrement de la commande.<\/p>\n\n\n\n<h2 class=\"wp-block-heading\">Clause n\u00b0 3 : Rabais et ristournes<\/h2>\n\n\n\n<p>La soci\u00e9t\u00e9 <strong>Caroline Bricout EI<\/strong> peut dans certains cas proposer des rabais et ristournes \u00e0 l&#8217;acheteur. <\/p>\n\n\n\n<h2 class=\"wp-block-heading\">Clause n\u00b0 4 : Escompte<\/h2>\n\n\n\n<p>Aucun escompte ne sera consenti en cas de paiement anticip\u00e9.<\/p>\n\n\n\n<h2 class=\"wp-block-heading\">Clause n\u00b0 5 : Modalit\u00e9s de paiement<\/h2>\n\n\n\n<p>Le r\u00e8glement des commandes s&#8217;effectue :<\/p>\n\n\n\n<ul class=\"wp-block-list\">\n<li>soit par virement bancaire avec un acompte de 50% du montant total \u00e0 r\u00e9gler au maximum 24 heures avant la date du service command\u00e9 ;<\/li>\n\n\n\n<li>soit en cash \u00e0 la date du service command\u00e9<\/li>\n<\/ul>\n\n\n\n<p>Les r\u00e8glements seront effectu\u00e9s aux conditions suivantes :<\/p>\n\n\n\n<ul class=\"wp-block-list\">\n<li>L&#8217;acheteur doit avoir contacter <strong>Caroline Bricout EI<\/strong> en premier lieu et les deux partis doivent avoir consenti \u00e0 une date de rendez-vous pour le service command\u00e9.<\/li>\n<\/ul>\n\n\n\n<h2 class=\"wp-block-heading\">Clause n\u00b0 6 : Retard de paiement<\/h2>\n\n\n\n<p>En cas de d\u00e9faut de paiement total ou partiel des services livr\u00e9es \u00e0 l&#8217;\u00e9ch\u00e9ance, l&#8217;acheteur doit verser \u00e0 la soci\u00e9t\u00e9 <strong>Caroline Bricout EI<\/strong> une p\u00e9nalit\u00e9 de retard \u00e9gale \u00e0 trois fois le taux de l&#8217;int\u00e9r\u00eat l\u00e9gal.<\/p>\n\n\n\n<p>Le taux de l&#8217;int\u00e9r\u00eat l\u00e9gal retenu est celui en vigueur au jour de la livraison des marchandises.<\/p>\n\n\n\n<p>A compter du 1er janvier 2015, le taux d&#8217;int\u00e9r\u00eat l\u00e9gal sera r\u00e9vis\u00e9 tous les 6 mois&nbsp;(Ordonnance n\u00b02014-947 du 20 ao\u00fbt 2014).<\/p>\n\n\n\n<p>Cette p\u00e9nalit\u00e9 est calcul\u00e9e sur le montant TTC de la somme restant due, et court \u00e0 compter de la date d&#8217;\u00e9ch\u00e9ance du prix sans qu&#8217;aucune mise en demeure pr\u00e9alable ne soit n\u00e9cessaire.<\/p>\n\n\n\n<p>En sus des indemnit\u00e9s de retard, toute somme, y compris l\u2019acompte, non pay\u00e9e \u00e0 sa date d\u2019exigibilit\u00e9 produira de plein droit le paiement d\u2019une indemnit\u00e9 forfaitaire de 40 euros due au titre des frais de recouvrement.<\/p>\n\n\n\n<p>Articles 441-10 et D. 441-5 du code de commerce.<\/p>\n\n\n\n<h2 class=\"wp-block-heading\">Clause n\u00b0 7 : Clause r\u00e9solutoire<\/h2>\n\n\n\n<p>Si dans les quinze jours qui suivent la mise en oeuvre de la clause &#8220;Retard de paiement&#8221;, l&#8217;acheteur ne s&#8217;est pas acquitt\u00e9 des sommes restant dues, la vente sera r\u00e9solue de plein droit et pourra ouvrir droit \u00e0 l&#8217;allocation de dommages et int\u00e9r\u00eats au profit de la soci\u00e9t\u00e9 <strong>Caroline Bricout EI<\/strong>.<\/p>\n\n\n\n<h2 class=\"wp-block-heading\">Clause n\u00b0 8 : Clause de r\u00e9serve de propri\u00e9t\u00e9<\/h2>\n\n\n\n<p>La soci\u00e9t\u00e9 <strong>Caroline Bricout EI<\/strong> conserve la propri\u00e9t\u00e9 des services vendus jusqu&#8217;au paiement int\u00e9gral du prix, en principal et en accessoires. \u00c0 ce titre, si l&#8217;acheteur fait l&#8217;objet d&#8217;un redressement ou d&#8217;une liquidation judiciaire, la soci\u00e9t\u00e9 <strong>Caroline Bricout EI<\/strong> se r\u00e9serve le droit de revendiquer, dans le cadre de la proc\u00e9dure collective, les services vendues et rest\u00e9es impay\u00e9es.<\/p>\n\n\n\n<h2 class=\"wp-block-heading\">Clause n\u00b0 9 : Livraison<\/h2>\n\n\n\n<p>La livraison des services est effectu\u00e9e :<\/p>\n\n\n\n<ul class=\"wp-block-list\">\n<li>soit par la remise \u00e0 domicilie des services \u00e0 l&#8217;acheteur ;<\/li>\n\n\n\n<li>soit par l&#8217;acheteur se rend au domicile de <strong>Caroline Bricout EI<\/strong><\/li>\n\n\n\n<li><\/li>\n<\/ul>\n\n\n\n<h2 class=\"wp-block-heading\">Clause n\u00b0 10 : Force majeure<\/h2>\n\n\n\n<p>La responsabilit\u00e9 de la soci\u00e9t\u00e9 <strong>Caroline Bricout EI<\/strong> ne pourra pas \u00eatre mise en oeuvre si la non-ex\u00e9cution ou le retard dans l&#8217;ex\u00e9cution de l&#8217;une de ses obligations d\u00e9crites dans les pr\u00e9sentes conditions g\u00e9n\u00e9rales de vente d\u00e9coule d&#8217;un cas de force majeure. \u00c0 ce titre, la force majeure s&#8217;entend de tout \u00e9v\u00e9nement ext\u00e9rieur, impr\u00e9visible et irr\u00e9sistible au sens de l&#8217;article 1148 du Code civil.<\/p>\n\n\n\n<h2 class=\"wp-block-heading\">Clause n\u00b0 11 : Tribunal comp\u00e9tent<\/h2>\n\n\n\n<p>Tout litige relatif \u00e0 l&#8217;interpr\u00e9tation et \u00e0 l&#8217;ex\u00e9cution des pr\u00e9sentes conditions g\u00e9n\u00e9rales de vente est soumis au droit fran\u00e7ais.<\/p>\n\n\n\n<p>En cas de litige, se r\u00e9f\u00e9rer \u00e0 la&nbsp;<a href=\"https:\/\/entreprendre.service-public.fr\/vosdroits\/R48100\" target=\"_blank\" rel=\"noreferrer noopener\">plateforme europ\u00e9enne de r\u00e8glement en ligne des litiges (RLL)<\/a><\/p>\n\n\n\n<p>\u00c0 d\u00e9faut de r\u00e9solution amiable, le litige sera port\u00e9 devant le <strong>Tribunal de commerce de Lyon<\/strong><\/p>\n\n\n\n<p>44 Rue de Bonnel, 69003 Lyon, France<\/p>\n\n\n\n<p>Fait \u00e0 Puerto Escondido, Mexico , le 25\/06\/2023<\/p>\n\n\n\n<p><br>Signature: <strong>Caroline Bricout<\/strong><br><\/p>\n","protected":false},"excerpt":{"rendered":"<p>Applicables \u00e0 compter du 25\/06\/2023 Clause n\u00b0 1 : Objet et champ d&#8217;application Les pr\u00e9sentes conditions g\u00e9n\u00e9rales de vente (CGV) constituent le socle de la n\u00e9gociation commerciale et sont syst\u00e9matiquement adress\u00e9es ou remises \u00e0 chaque acheteur pour lui permettre de passer commande. Les conditions g\u00e9n\u00e9rales de vente d\u00e9crites ci-apr\u00e8s d\u00e9taillent les droits et obligations de [&hellip;]<\/p>\n","protected":false},"author":2,"featured_media":0,"parent":0,"menu_order":0,"comment_status":"closed","ping_status":"closed","template":"","meta":{"_acf_changed":false,"footnotes":""},"class_list":["post-1331","page","type-page","status-publish","hentry"],"acf":[],"yoast_head":"<!-- This site is optimized with the Yoast SEO plugin v27.4 - https:\/\/yoast.com\/product\/yoast-seo-wordpress\/ -->\n<title>CONDITIONS GENERALES DE VENTE - Cara Shanti<\/title>\n<meta name=\"robots\" content=\"index, follow, max-snippet:-1, max-image-preview:large, max-video-preview:-1\" \/>\n<link rel=\"canonical\" href=\"https:\/\/cara-shanti.com\/fr\/conditions-generales-de-vente\/\" \/>\n<meta property=\"og:locale\" content=\"fr_FR\" \/>\n<meta property=\"og:type\" content=\"article\" \/>\n<meta property=\"og:title\" content=\"CONDITIONS GENERALES DE VENTE - Cara Shanti\" \/>\n<meta property=\"og:description\" content=\"Applicables \u00e0 compter du 25\/06\/2023 Clause n\u00b0 1 : Objet et champ d&#8217;application Les pr\u00e9sentes conditions g\u00e9n\u00e9rales de vente (CGV) constituent le socle de la n\u00e9gociation commerciale et sont syst\u00e9matiquement adress\u00e9es ou remises \u00e0 chaque acheteur pour lui permettre de passer commande. Les conditions g\u00e9n\u00e9rales de vente d\u00e9crites ci-apr\u00e8s d\u00e9taillent les droits et obligations de [&hellip;]\" \/>\n<meta property=\"og:url\" content=\"https:\/\/cara-shanti.com\/fr\/conditions-generales-de-vente\/\" \/>\n<meta property=\"og:site_name\" content=\"Cara Shanti\" \/>\n<meta property=\"article:modified_time\" content=\"2023-06-25T19:34:32+00:00\" \/>\n<meta name=\"twitter:card\" content=\"summary_large_image\" \/>\n<meta name=\"twitter:label1\" content=\"Est. reading time\" \/>\n\t<meta name=\"twitter:data1\" content=\"4 minutes\" \/>\n<script type=\"application\/ld+json\" class=\"yoast-schema-graph\">{\"@context\":\"https:\\\/\\\/schema.org\",\"@graph\":[{\"@type\":\"WebPage\",\"@id\":\"https:\\\/\\\/cara-shanti.com\\\/fr\\\/conditions-generales-de-vente\\\/\",\"url\":\"https:\\\/\\\/cara-shanti.com\\\/fr\\\/conditions-generales-de-vente\\\/\",\"name\":\"CONDITIONS GENERALES DE VENTE - Cara Shanti\",\"isPartOf\":{\"@id\":\"https:\\\/\\\/cara-shanti.com\\\/#website\"},\"datePublished\":\"2023-06-25T18:35:33+00:00\",\"dateModified\":\"2023-06-25T19:34:32+00:00\",\"breadcrumb\":{\"@id\":\"https:\\\/\\\/cara-shanti.com\\\/fr\\\/conditions-generales-de-vente\\\/#breadcrumb\"},\"inLanguage\":\"fr-FR\",\"potentialAction\":[{\"@type\":\"ReadAction\",\"target\":[\"https:\\\/\\\/cara-shanti.com\\\/fr\\\/conditions-generales-de-vente\\\/\"]}]},{\"@type\":\"BreadcrumbList\",\"@id\":\"https:\\\/\\\/cara-shanti.com\\\/fr\\\/conditions-generales-de-vente\\\/#breadcrumb\",\"itemListElement\":[{\"@type\":\"ListItem\",\"position\":1,\"name\":\"Home\",\"item\":\"https:\\\/\\\/cara-shanti.com\\\/fr\\\/\"},{\"@type\":\"ListItem\",\"position\":2,\"name\":\"CONDITIONS GENERALES DE VENTE\"}]},{\"@type\":\"WebSite\",\"@id\":\"https:\\\/\\\/cara-shanti.com\\\/#website\",\"url\":\"https:\\\/\\\/cara-shanti.com\\\/\",\"name\":\"Cara Shanti\",\"description\":\"Somatic Yoga &amp; Embodiment Therapy\",\"publisher\":{\"@id\":\"https:\\\/\\\/cara-shanti.com\\\/#organization\"},\"potentialAction\":[{\"@type\":\"SearchAction\",\"target\":{\"@type\":\"EntryPoint\",\"urlTemplate\":\"https:\\\/\\\/cara-shanti.com\\\/?s={search_term_string}\"},\"query-input\":{\"@type\":\"PropertyValueSpecification\",\"valueRequired\":true,\"valueName\":\"search_term_string\"}}],\"inLanguage\":\"fr-FR\"},{\"@type\":\"Organization\",\"@id\":\"https:\\\/\\\/cara-shanti.com\\\/#organization\",\"name\":\"Cara Shanti\",\"url\":\"https:\\\/\\\/cara-shanti.com\\\/\",\"logo\":{\"@type\":\"ImageObject\",\"inLanguage\":\"fr-FR\",\"@id\":\"https:\\\/\\\/cara-shanti.com\\\/#\\\/schema\\\/logo\\\/image\\\/\",\"url\":\"https:\\\/\\\/cara-shanti.com\\\/wp-content\\\/uploads\\\/2021\\\/07\\\/cropped-Sahasrara_Chakra_Spirituality.jpg\",\"contentUrl\":\"https:\\\/\\\/cara-shanti.com\\\/wp-content\\\/uploads\\\/2021\\\/07\\\/cropped-Sahasrara_Chakra_Spirituality.jpg\",\"width\":512,\"height\":512,\"caption\":\"Cara Shanti\"},\"image\":{\"@id\":\"https:\\\/\\\/cara-shanti.com\\\/#\\\/schema\\\/logo\\\/image\\\/\"}}]}<\/script>\n<!-- \/ Yoast SEO plugin. -->","yoast_head_json":{"title":"CONDITIONS GENERALES DE VENTE - Cara Shanti","robots":{"index":"index","follow":"follow","max-snippet":"max-snippet:-1","max-image-preview":"max-image-preview:large","max-video-preview":"max-video-preview:-1"},"canonical":"https:\/\/cara-shanti.com\/fr\/conditions-generales-de-vente\/","og_locale":"fr_FR","og_type":"article","og_title":"CONDITIONS GENERALES DE VENTE - Cara Shanti","og_description":"Applicables \u00e0 compter du 25\/06\/2023 Clause n\u00b0 1 : Objet et champ d&#8217;application Les pr\u00e9sentes conditions g\u00e9n\u00e9rales de vente (CGV) constituent le socle de la n\u00e9gociation commerciale et sont syst\u00e9matiquement adress\u00e9es ou remises \u00e0 chaque acheteur pour lui permettre de passer commande. Les conditions g\u00e9n\u00e9rales de vente d\u00e9crites ci-apr\u00e8s d\u00e9taillent les droits et obligations de [&hellip;]","og_url":"https:\/\/cara-shanti.com\/fr\/conditions-generales-de-vente\/","og_site_name":"Cara Shanti","article_modified_time":"2023-06-25T19:34:32+00:00","twitter_card":"summary_large_image","twitter_misc":{"Est. reading time":"4 minutes"},"schema":{"@context":"https:\/\/schema.org","@graph":[{"@type":"WebPage","@id":"https:\/\/cara-shanti.com\/fr\/conditions-generales-de-vente\/","url":"https:\/\/cara-shanti.com\/fr\/conditions-generales-de-vente\/","name":"CONDITIONS GENERALES DE VENTE - Cara Shanti","isPartOf":{"@id":"https:\/\/cara-shanti.com\/#website"},"datePublished":"2023-06-25T18:35:33+00:00","dateModified":"2023-06-25T19:34:32+00:00","breadcrumb":{"@id":"https:\/\/cara-shanti.com\/fr\/conditions-generales-de-vente\/#breadcrumb"},"inLanguage":"fr-FR","potentialAction":[{"@type":"ReadAction","target":["https:\/\/cara-shanti.com\/fr\/conditions-generales-de-vente\/"]}]},{"@type":"BreadcrumbList","@id":"https:\/\/cara-shanti.com\/fr\/conditions-generales-de-vente\/#breadcrumb","itemListElement":[{"@type":"ListItem","position":1,"name":"Home","item":"https:\/\/cara-shanti.com\/fr\/"},{"@type":"ListItem","position":2,"name":"CONDITIONS GENERALES DE VENTE"}]},{"@type":"WebSite","@id":"https:\/\/cara-shanti.com\/#website","url":"https:\/\/cara-shanti.com\/","name":"Cara Shanti","description":"Somatic Yoga &amp; Embodiment Therapy","publisher":{"@id":"https:\/\/cara-shanti.com\/#organization"},"potentialAction":[{"@type":"SearchAction","target":{"@type":"EntryPoint","urlTemplate":"https:\/\/cara-shanti.com\/?s={search_term_string}"},"query-input":{"@type":"PropertyValueSpecification","valueRequired":true,"valueName":"search_term_string"}}],"inLanguage":"fr-FR"},{"@type":"Organization","@id":"https:\/\/cara-shanti.com\/#organization","name":"Cara Shanti","url":"https:\/\/cara-shanti.com\/","logo":{"@type":"ImageObject","inLanguage":"fr-FR","@id":"https:\/\/cara-shanti.com\/#\/schema\/logo\/image\/","url":"https:\/\/cara-shanti.com\/wp-content\/uploads\/2021\/07\/cropped-Sahasrara_Chakra_Spirituality.jpg","contentUrl":"https:\/\/cara-shanti.com\/wp-content\/uploads\/2021\/07\/cropped-Sahasrara_Chakra_Spirituality.jpg","width":512,"height":512,"caption":"Cara Shanti"},"image":{"@id":"https:\/\/cara-shanti.com\/#\/schema\/logo\/image\/"}}]}},"jetpack_sharing_enabled":true,"_links":{"self":[{"href":"https:\/\/cara-shanti.com\/fr\/wp-json\/wp\/v2\/pages\/1331","targetHints":{"allow":["GET"]}}],"collection":[{"href":"https:\/\/cara-shanti.com\/fr\/wp-json\/wp\/v2\/pages"}],"about":[{"href":"https:\/\/cara-shanti.com\/fr\/wp-json\/wp\/v2\/types\/page"}],"author":[{"embeddable":true,"href":"https:\/\/cara-shanti.com\/fr\/wp-json\/wp\/v2\/users\/2"}],"replies":[{"embeddable":true,"href":"https:\/\/cara-shanti.com\/fr\/wp-json\/wp\/v2\/comments?post=1331"}],"version-history":[{"count":2,"href":"https:\/\/cara-shanti.com\/fr\/wp-json\/wp\/v2\/pages\/1331\/revisions"}],"predecessor-version":[{"id":1351,"href":"https:\/\/cara-shanti.com\/fr\/wp-json\/wp\/v2\/pages\/1331\/revisions\/1351"}],"wp:attachment":[{"href":"https:\/\/cara-shanti.com\/fr\/wp-json\/wp\/v2\/media?parent=1331"}],"curies":[{"name":"wp","href":"https:\/\/api.w.org\/{rel}","templated":true}]}}