{"id":2874,"date":"2022-05-16T18:10:09","date_gmt":"2022-05-16T17:10:09","guid":{"rendered":"https:\/\/cara-shanti.com\/?page_id=2874"},"modified":"2024-11-03T21:16:43","modified_gmt":"2024-11-03T21:16:43","slug":"yoga-classes","status":"publish","type":"page","link":"https:\/\/cara-shanti.com\/es\/yoga-classes\/","title":{"rendered":"Clases de Yoga"},"content":{"rendered":"<\/div>\n\n\n<div class=\"wp-block-cover is-light has-parallax is-style-default\" style=\"min-height:470px;aspect-ratio:unset;\"><span aria-hidden=\"true\" class=\"wp-block-cover__background has-background-dim-20 has-background-dim\"><\/span><div class=\"wp-block-cover__image-background wp-image-530 has-parallax\" style=\"background-position:50% 50%;background-image:url(https:\/\/cara-shanti.com\/wp-content\/uploads\/2022\/03\/yoga-selina-puerto-escondido-1.jpg)\"><\/div><div class=\"wp-block-cover__inner-container is-layout-flow wp-block-cover-is-layout-flow\">\n<p class=\"has-text-align-center has-large-font-size\"><\/p>\n<\/div><\/div>\n\n\n<div class=\"container-xl\">\n\n\n\n<hr class=\"wp-block-separator has-text-color has-white-color has-css-opacity has-white-background-color has-background\"\/>\n\n\n\n<h2 class=\"wp-block-heading has-purple-color has-text-color\">Clases de Yoga en Puerto Escondido<\/h2>\n\n\n\n<p>Ya sea que tengas un objetivo especial o simplemente desees una clase de yoga personalizada, d\u00e9jame guiarte.<\/p>\n\n\n\n<p>Mis clases de yoga privadas est\u00e1n abiertas a todos los niveles, y mi pr\u00e1ctica se adaptar\u00e1 a ti. Con experiencia en yoga terapeutico, puedo dise\u00f1ar una clase personalizada solo para ti.<\/p>\n\n\n\n<p>Tantra, Hatha, Yin, yoga del trauma, meditaci\u00f3n y pranayama son las herramientas que utilizo para acompa\u00f1arte en tu camino hacia la auto-realizaci\u00f3n.<\/p>\n\n\n\n<p>\u00bfEst\u00e1s lista para amarte verdaderamente? \u00a1D\u00e9jame ayudarte a reclamar tu cuerpo y reconectar con esta fuerza vital dentro de ti!<\/p>\n\n\n\n<p>Aqu\u00ed tienes algunos paquetes. No dudes en contactarme si deseas hablar antes.<\/p>\n\n\n\n<p class=\"has-purple-color has-text-color has-link-color wp-elements-1828b00834ebdd54ca7de79ddc0c0c9a\"><em>Despl\u00e1zate hacia abajo para ver el horario de mis clases p\u00fablicas.<\/em><\/p>\n\n\n\n<hr class=\"wp-block-separator has-text-color has-white-color has-css-opacity has-white-background-color has-background\"\/>\n\n\n\n<div class=\"wp-block-media-text alignwide is-stacked-on-mobile is-vertically-aligned-center\"><figure class=\"wp-block-media-text__media\"><img fetchpriority=\"high\" decoding=\"async\" width=\"1024\" height=\"685\" src=\"https:\/\/cara-shanti.com\/wp-content\/uploads\/2022\/05\/private-yoga-class-1024x685.jpg\" alt=\"\" class=\"wp-image-541 size-full\" srcset=\"https:\/\/cara-shanti.com\/wp-content\/uploads\/2022\/05\/private-yoga-class-1024x685.jpg 1024w, https:\/\/cara-shanti.com\/wp-content\/uploads\/2022\/05\/private-yoga-class-600x401.jpg 600w, https:\/\/cara-shanti.com\/wp-content\/uploads\/2022\/05\/private-yoga-class-300x201.jpg 300w, https:\/\/cara-shanti.com\/wp-content\/uploads\/2022\/05\/private-yoga-class-768x513.jpg 768w, https:\/\/cara-shanti.com\/wp-content\/uploads\/2022\/05\/private-yoga-class-1536x1027.jpg 1536w, https:\/\/cara-shanti.com\/wp-content\/uploads\/2022\/05\/private-yoga-class.jpg 1756w\" sizes=\"(max-width: 1024px) 100vw, 1024px\" \/><\/figure><div class=\"wp-block-media-text__content\">\n<h2 class=\"wp-block-heading\"><mark style=\"background-color:rgba(0, 0, 0, 0)\" class=\"has-inline-color has-purple-color\">Clase de Yoga Privada<\/mark><\/h2>\n\n\n\n<p>Mejora tu pr\u00e1ctica de yoga, revisa tus alineaciones y perfecciona tus habilidades con una clase privada de yoga de 60 minutos.<\/p>\n\n\n\n<p><\/p>\n\n\n\n<div class=\"wp-block-buttons is-layout-flex wp-block-buttons-is-layout-flex\">\n<div class=\"wp-block-button is-style-outline is-style-outline--1\"><a class=\"wp-block-button__link has-white-color has-purple-background-color has-text-color has-background wp-element-button\" href=\"https:\/\/cara-shanti.com\/contact\/\"><strong>Let&#8217;s connect<\/strong><\/a><\/div>\n<\/div>\n<\/div><\/div>\n\n\n\n<hr class=\"wp-block-separator has-text-color has-white-color has-css-opacity has-white-background-color has-background is-style-default\"\/>\n\n\n\n<hr class=\"wp-block-separator has-text-color has-white-color has-css-opacity has-white-background-color has-background\"\/>\n\n\n\n<div class=\"wp-block-media-text alignwide has-media-on-the-right is-stacked-on-mobile is-vertically-aligned-center\"><div class=\"wp-block-media-text__content\">\n<p><\/p>\n\n\n\n<h2 class=\"wp-block-heading has-purple-color has-text-color\"><mark style=\"background-color:rgba(0, 0, 0, 0)\" class=\"has-inline-color has-purple-color\">Yoga Som\u00e1tico<\/mark> &amp; Embodiment<\/h2>\n\n\n\n<p>\u00bfTienes curiosidad por el yoga som\u00e1tico o el Embodiment? El yoga som\u00e1tico es una pr\u00e1ctica hermosa que puede ayudarte a recuperar la confianza y reconectar contigo mismo y con tu cuerpo.<\/p>\n\n\n\n<p>\u00bfQu\u00e9 te parece si tenemos una peque\u00f1a conversaci\u00f3n primero para ver qu\u00e9 podemos hacer juntos?<\/p>\n\n\n\n<div class=\"wp-block-buttons is-layout-flex wp-block-buttons-is-layout-flex\">\n<div class=\"wp-block-button is-style-outline is-style-outline--2\"><a class=\"wp-block-button__link has-white-color has-purple-background-color has-text-color has-background wp-element-button\" href=\"https:\/\/cara-shanti.com\/contact\/\"><strong>Let&#8217;s have a chat<\/strong><\/a><\/div>\n<\/div>\n<\/div><figure class=\"wp-block-media-text__media\"><img decoding=\"async\" width=\"1024\" height=\"683\" src=\"https:\/\/cara-shanti.com\/wp-content\/uploads\/2022\/05\/Yoga-therapy-trauma-1024x683.jpg\" alt=\"\" class=\"wp-image-542 size-full\" srcset=\"https:\/\/cara-shanti.com\/wp-content\/uploads\/2022\/05\/Yoga-therapy-trauma-1024x683.jpg 1024w, https:\/\/cara-shanti.com\/wp-content\/uploads\/2022\/05\/Yoga-therapy-trauma-600x400.jpg 600w, https:\/\/cara-shanti.com\/wp-content\/uploads\/2022\/05\/Yoga-therapy-trauma-300x200.jpg 300w, https:\/\/cara-shanti.com\/wp-content\/uploads\/2022\/05\/Yoga-therapy-trauma-768x512.jpg 768w, https:\/\/cara-shanti.com\/wp-content\/uploads\/2022\/05\/Yoga-therapy-trauma-1536x1024.jpg 1536w, https:\/\/cara-shanti.com\/wp-content\/uploads\/2022\/05\/Yoga-therapy-trauma.jpg 1600w\" sizes=\"(max-width: 1024px) 100vw, 1024px\" \/><\/figure><\/div>\n\n\n\n<hr class=\"wp-block-separator has-text-color has-white-color has-css-opacity has-white-background-color has-background is-style-default\"\/>\n\n\n\n<div class=\"wp-block-media-text alignwide is-stacked-on-mobile is-vertically-aligned-center\"><figure class=\"wp-block-media-text__media\"><img decoding=\"async\" width=\"714\" height=\"490\" src=\"https:\/\/cara-shanti.com\/wp-content\/uploads\/2023\/09\/online-yoga-class-home.jpg\" alt=\"\" class=\"wp-image-1649 size-full\" srcset=\"https:\/\/cara-shanti.com\/wp-content\/uploads\/2023\/09\/online-yoga-class-home.jpg 714w, https:\/\/cara-shanti.com\/wp-content\/uploads\/2023\/09\/online-yoga-class-home-300x206.jpg 300w, https:\/\/cara-shanti.com\/wp-content\/uploads\/2023\/09\/online-yoga-class-home-600x412.jpg 600w\" sizes=\"(max-width: 714px) 100vw, 714px\" \/><\/figure><div class=\"wp-block-media-text__content\">\n<h2 class=\"wp-block-heading has-purple-color has-text-color\">Clase En Linea<\/h2>\n\n\n\n<p>\u00bfQu\u00e9 te parece practicar yoga conmigo desde la comodidad de tu hogar?<\/p>\n\n\n\n<p>Lo \u00fanico que necesitas hacer es encontrar un lugar agradable para tu tapete de yoga, colocar la c\u00e1mara de tu laptop a una distancia de 2-3 metros de ti y, si es posible, crear un ambiente zen con incienso o una m\u00fasica suave.<\/p>\n\n\n\n<p>A partir de ah\u00ed, yo me encargar\u00e9 de ti. Pasaremos una hora enfoc\u00e1ndonos en las necesidades de tu cuerpo, tu ser y sus emociones, y tus objetivos.<br><\/p>\n\n\n\n<div class=\"wp-block-buttons is-layout-flex wp-block-buttons-is-layout-flex\">\n<div class=\"wp-block-button is-style-outline is-style-outline--3\"><a class=\"wp-block-button__link has-white-color has-purple-background-color has-text-color has-background wp-element-button\" href=\"https:\/\/cara-shanti.com\/contact\/\"><strong>Let&#8217;s Connect<\/strong><\/a><\/div>\n<\/div>\n<\/div><\/div>\n\n\n\n<div style=\"height:50px\" aria-hidden=\"true\" class=\"wp-block-spacer\"><\/div>\n\n\n\n<div class=\"wp-block-media-text alignwide has-media-on-the-right is-stacked-on-mobile is-vertically-aligned-center\" style=\"grid-template-columns:auto 43%\"><div class=\"wp-block-media-text__content\">\n<p><\/p>\n\n\n\n<h2 class=\"wp-block-heading has-purple-color has-text-color has-link-color wp-elements-4f329c0cb1a946d6ba31e7630df94949\"><mark style=\"background-color:rgba(0, 0, 0, 0)\" class=\"has-inline-color has-purple-color\">Clases<\/mark> p\u00fablicas de Yoga en Puerto Escondido<\/h2>\n\n\n\n<p>\u00bfQuieres unirte a una de mis clases p\u00fablicas de yoga? &#8211; Ense\u00f1o Yin, Hatha, Tantra Tradicional y Yoga de Incorporaci\u00f3n en diferentes estudios de yoga en Puerto Escondido:<\/p>\n\n\n\n<figure class=\"wp-block-table is-style-regular is-style-mobile\"><table class=\"has-fixed-layout\"><tbody><tr><td><\/td><td><strong>Miercoles<\/strong><\/td><td><strong>Domingo<\/strong><\/td><\/tr><tr><td><strong><a href=\"https:\/\/www.instagram.com\/mareayogastudio\/\" target=\"_blank\" rel=\"noreferrer noopener\">Marea Yoga Studio<\/a><\/strong><\/td><td><strong>11:30 am:<\/strong> Hatha Yoga<\/td><td><strong>6 pm: <\/strong><br>Yin &amp; Conection<\/td><\/tr><\/tbody><\/table><\/figure>\n\n\n\n<p><strong>Hatha Yoga<\/strong>: \u00danete a m\u00ed en una clase transformadora de Hatha yoga, enriquecida por mi formaci\u00f3n en dos ashrams tradicionales de la India: la l\u00ednea t\u00e1ntrica de Shivoham y el reconocido Sivananda Hatha Yoga. Esta pr\u00e1ctica \u00fanica te invita a reconectar con tu verdadero ser, equilibrar tus chakras y cultivar la armon\u00eda interior. Acomp\u00e1\u00f1ame en un hermoso viaje al coraz\u00f3n del yoga.<\/p>\n\n\n\n<p><strong>Yin Yoga y Conexi\u00f3n<\/strong>: \u00danete a m\u00ed todos los domingos para Yin Yoga y Conexi\u00f3n, un encuentro para los yoguis de Puerto Escondido. Comenzamos con un c\u00edrculo de compartici\u00f3n, seguido de una pr\u00e1ctica calmante de Yin y actividades adicionales como meditaci\u00f3n o canto de mantras, creando un entorno pac\u00edfico para recargar energ\u00edas y conectar con los dem\u00e1s.<\/p>\n\n\n\n<div class=\"wp-block-buttons is-layout-flex wp-block-buttons-is-layout-flex\"><\/div>\n<\/div><figure class=\"wp-block-media-text__media\"><img loading=\"lazy\" decoding=\"async\" width=\"600\" height=\"965\" src=\"https:\/\/cara-shanti.com\/wp-content\/uploads\/2024\/11\/Yoga-Studio-Puerto-Escondido-Yin-2.png\" alt=\"\" class=\"wp-image-2989 size-full\" srcset=\"https:\/\/cara-shanti.com\/wp-content\/uploads\/2024\/11\/Yoga-Studio-Puerto-Escondido-Yin-2.png 600w, https:\/\/cara-shanti.com\/wp-content\/uploads\/2024\/11\/Yoga-Studio-Puerto-Escondido-Yin-2-187x300.png 187w\" sizes=\"(max-width: 600px) 100vw, 600px\" \/><\/figure><\/div>\n\n\n\n<p class=\"has-text-align-center has-old-lavender-color has-text-color has-link-color wp-elements-e5661180624b01ba2f2f3b6824fef243\"><\/p>\n\n\n\n<div class=\"wp-block-buttons is-content-justification-center is-layout-flex wp-container-core-buttons-is-layout-16018d1d wp-block-buttons-is-layout-flex\"><\/div>\n","protected":false},"excerpt":{"rendered":"<p>Clases de Yoga en Puerto Escondido Ya sea que tengas un objetivo especial o simplemente desees una clase de yoga personalizada, d\u00e9jame guiarte. Mis clases de yoga privadas est\u00e1n abiertas a todos los niveles, y mi pr\u00e1ctica se adaptar\u00e1 a ti. Con experiencia en yoga terapeutico, puedo dise\u00f1ar una clase personalizada solo para ti. Tantra, [&hellip;]<\/p>\n","protected":false},"author":1,"featured_media":2876,"parent":0,"menu_order":0,"comment_status":"closed","ping_status":"closed","template":"","meta":{"_acf_changed":false,"footnotes":""},"class_list":["post-2874","page","type-page","status-publish","has-post-thumbnail","hentry"],"acf":[],"yoast_head":"<!-- This site is optimized with the Yoast SEO plugin v27.4 - https:\/\/yoast.com\/product\/yoast-seo-wordpress\/ -->\n<title>Clases de Yoga en Puerto Escondido - Cara Shanti<\/title>\n<meta name=\"description\" content=\"Clases de yoga en Puerto Escondido con Cara Shanti. Abierta a todos los niveles, y mi pr\u00e1ctica se adaptar\u00e1 a ti. Clases en grupo, privada, en linea, yoga som\u00e1tico\" \/>\n<meta name=\"robots\" content=\"index, follow, max-snippet:-1, max-image-preview:large, max-video-preview:-1\" \/>\n<link rel=\"canonical\" href=\"https:\/\/cara-shanti.com\/es\/yoga-classes\/\" \/>\n<meta property=\"og:locale\" content=\"es_ES\" \/>\n<meta property=\"og:type\" content=\"article\" \/>\n<meta property=\"og:title\" content=\"Clases de Yoga en Puerto Escondido - Cara Shanti\" \/>\n<meta property=\"og:description\" content=\"Clases de yoga en Puerto Escondido con Cara Shanti. Abierta a todos los niveles, y mi pr\u00e1ctica se adaptar\u00e1 a ti. Clases en grupo, privada, en linea, yoga som\u00e1tico\" \/>\n<meta property=\"og:url\" content=\"https:\/\/cara-shanti.com\/es\/yoga-classes\/\" \/>\n<meta property=\"og:site_name\" content=\"Cara Shanti\" \/>\n<meta property=\"article:modified_time\" content=\"2024-11-03T21:16:43+00:00\" \/>\n<meta property=\"og:image\" content=\"https:\/\/cara-shanti.com\/wp-content\/uploads\/2022\/03\/yoga-selina-puerto-escondido.jpg\" \/>\n\t<meta property=\"og:image:width\" content=\"1920\" \/>\n\t<meta property=\"og:image:height\" content=\"1080\" \/>\n\t<meta property=\"og:image:type\" content=\"image\/jpeg\" \/>\n<meta name=\"twitter:card\" content=\"summary_large_image\" \/>\n<meta name=\"twitter:label1\" content=\"Est. reading time\" \/>\n\t<meta name=\"twitter:data1\" content=\"3 minutes\" \/>\n<script type=\"application\/ld+json\" class=\"yoast-schema-graph\">{\"@context\":\"https:\\\/\\\/schema.org\",\"@graph\":[{\"@type\":\"WebPage\",\"@id\":\"https:\\\/\\\/cara-shanti.com\\\/es\\\/yoga-classes\\\/\",\"url\":\"https:\\\/\\\/cara-shanti.com\\\/es\\\/yoga-classes\\\/\",\"name\":\"Clases de Yoga en Puerto Escondido - Cara Shanti\",\"isPartOf\":{\"@id\":\"https:\\\/\\\/cara-shanti.com\\\/#website\"},\"primaryImageOfPage\":{\"@id\":\"https:\\\/\\\/cara-shanti.com\\\/es\\\/yoga-classes\\\/#primaryimage\"},\"image\":{\"@id\":\"https:\\\/\\\/cara-shanti.com\\\/es\\\/yoga-classes\\\/#primaryimage\"},\"thumbnailUrl\":\"https:\\\/\\\/cara-shanti.com\\\/wp-content\\\/uploads\\\/2022\\\/03\\\/yoga-selina-puerto-escondido.jpg\",\"datePublished\":\"2022-05-16T17:10:09+00:00\",\"dateModified\":\"2024-11-03T21:16:43+00:00\",\"description\":\"Clases de yoga en Puerto Escondido con Cara Shanti. Abierta a todos los niveles, y mi pr\u00e1ctica se adaptar\u00e1 a ti. Clases en grupo, privada, en linea, yoga som\u00e1tico\",\"breadcrumb\":{\"@id\":\"https:\\\/\\\/cara-shanti.com\\\/es\\\/yoga-classes\\\/#breadcrumb\"},\"inLanguage\":\"es-ES\",\"potentialAction\":[{\"@type\":\"ReadAction\",\"target\":[\"https:\\\/\\\/cara-shanti.com\\\/es\\\/yoga-classes\\\/\"]}]},{\"@type\":\"ImageObject\",\"inLanguage\":\"es-ES\",\"@id\":\"https:\\\/\\\/cara-shanti.com\\\/es\\\/yoga-classes\\\/#primaryimage\",\"url\":\"https:\\\/\\\/cara-shanti.com\\\/wp-content\\\/uploads\\\/2022\\\/03\\\/yoga-selina-puerto-escondido.jpg\",\"contentUrl\":\"https:\\\/\\\/cara-shanti.com\\\/wp-content\\\/uploads\\\/2022\\\/03\\\/yoga-selina-puerto-escondido.jpg\",\"width\":1920,\"height\":1080},{\"@type\":\"BreadcrumbList\",\"@id\":\"https:\\\/\\\/cara-shanti.com\\\/es\\\/yoga-classes\\\/#breadcrumb\",\"itemListElement\":[{\"@type\":\"ListItem\",\"position\":1,\"name\":\"Home\",\"item\":\"https:\\\/\\\/cara-shanti.com\\\/es\\\/home\\\/\"},{\"@type\":\"ListItem\",\"position\":2,\"name\":\"Clases de Yoga\"}]},{\"@type\":\"WebSite\",\"@id\":\"https:\\\/\\\/cara-shanti.com\\\/#website\",\"url\":\"https:\\\/\\\/cara-shanti.com\\\/\",\"name\":\"Cara Shanti\",\"description\":\"Somatic Yoga &amp; Embodiment Therapy\",\"publisher\":{\"@id\":\"https:\\\/\\\/cara-shanti.com\\\/#organization\"},\"potentialAction\":[{\"@type\":\"SearchAction\",\"target\":{\"@type\":\"EntryPoint\",\"urlTemplate\":\"https:\\\/\\\/cara-shanti.com\\\/?s={search_term_string}\"},\"query-input\":{\"@type\":\"PropertyValueSpecification\",\"valueRequired\":true,\"valueName\":\"search_term_string\"}}],\"inLanguage\":\"es-ES\"},{\"@type\":\"Organization\",\"@id\":\"https:\\\/\\\/cara-shanti.com\\\/#organization\",\"name\":\"Cara Shanti\",\"url\":\"https:\\\/\\\/cara-shanti.com\\\/\",\"logo\":{\"@type\":\"ImageObject\",\"inLanguage\":\"es-ES\",\"@id\":\"https:\\\/\\\/cara-shanti.com\\\/#\\\/schema\\\/logo\\\/image\\\/\",\"url\":\"https:\\\/\\\/cara-shanti.com\\\/wp-content\\\/uploads\\\/2021\\\/07\\\/cropped-Sahasrara_Chakra_Spirituality.jpg\",\"contentUrl\":\"https:\\\/\\\/cara-shanti.com\\\/wp-content\\\/uploads\\\/2021\\\/07\\\/cropped-Sahasrara_Chakra_Spirituality.jpg\",\"width\":512,\"height\":512,\"caption\":\"Cara Shanti\"},\"image\":{\"@id\":\"https:\\\/\\\/cara-shanti.com\\\/#\\\/schema\\\/logo\\\/image\\\/\"}}]}<\/script>\n<!-- \/ Yoast SEO plugin. -->","yoast_head_json":{"title":"Clases de Yoga en Puerto Escondido - Cara Shanti","description":"Clases de yoga en Puerto Escondido con Cara Shanti. Abierta a todos los niveles, y mi pr\u00e1ctica se adaptar\u00e1 a ti. Clases en grupo, privada, en linea, yoga som\u00e1tico","robots":{"index":"index","follow":"follow","max-snippet":"max-snippet:-1","max-image-preview":"max-image-preview:large","max-video-preview":"max-video-preview:-1"},"canonical":"https:\/\/cara-shanti.com\/es\/yoga-classes\/","og_locale":"es_ES","og_type":"article","og_title":"Clases de Yoga en Puerto Escondido - Cara Shanti","og_description":"Clases de yoga en Puerto Escondido con Cara Shanti. Abierta a todos los niveles, y mi pr\u00e1ctica se adaptar\u00e1 a ti. Clases en grupo, privada, en linea, yoga som\u00e1tico","og_url":"https:\/\/cara-shanti.com\/es\/yoga-classes\/","og_site_name":"Cara Shanti","article_modified_time":"2024-11-03T21:16:43+00:00","og_image":[{"width":1920,"height":1080,"url":"https:\/\/cara-shanti.com\/wp-content\/uploads\/2022\/03\/yoga-selina-puerto-escondido.jpg","type":"image\/jpeg"}],"twitter_card":"summary_large_image","twitter_misc":{"Est. reading time":"3 minutes"},"schema":{"@context":"https:\/\/schema.org","@graph":[{"@type":"WebPage","@id":"https:\/\/cara-shanti.com\/es\/yoga-classes\/","url":"https:\/\/cara-shanti.com\/es\/yoga-classes\/","name":"Clases de Yoga en Puerto Escondido - Cara Shanti","isPartOf":{"@id":"https:\/\/cara-shanti.com\/#website"},"primaryImageOfPage":{"@id":"https:\/\/cara-shanti.com\/es\/yoga-classes\/#primaryimage"},"image":{"@id":"https:\/\/cara-shanti.com\/es\/yoga-classes\/#primaryimage"},"thumbnailUrl":"https:\/\/cara-shanti.com\/wp-content\/uploads\/2022\/03\/yoga-selina-puerto-escondido.jpg","datePublished":"2022-05-16T17:10:09+00:00","dateModified":"2024-11-03T21:16:43+00:00","description":"Clases de yoga en Puerto Escondido con Cara Shanti. Abierta a todos los niveles, y mi pr\u00e1ctica se adaptar\u00e1 a ti. Clases en grupo, privada, en linea, yoga som\u00e1tico","breadcrumb":{"@id":"https:\/\/cara-shanti.com\/es\/yoga-classes\/#breadcrumb"},"inLanguage":"es-ES","potentialAction":[{"@type":"ReadAction","target":["https:\/\/cara-shanti.com\/es\/yoga-classes\/"]}]},{"@type":"ImageObject","inLanguage":"es-ES","@id":"https:\/\/cara-shanti.com\/es\/yoga-classes\/#primaryimage","url":"https:\/\/cara-shanti.com\/wp-content\/uploads\/2022\/03\/yoga-selina-puerto-escondido.jpg","contentUrl":"https:\/\/cara-shanti.com\/wp-content\/uploads\/2022\/03\/yoga-selina-puerto-escondido.jpg","width":1920,"height":1080},{"@type":"BreadcrumbList","@id":"https:\/\/cara-shanti.com\/es\/yoga-classes\/#breadcrumb","itemListElement":[{"@type":"ListItem","position":1,"name":"Home","item":"https:\/\/cara-shanti.com\/es\/home\/"},{"@type":"ListItem","position":2,"name":"Clases de Yoga"}]},{"@type":"WebSite","@id":"https:\/\/cara-shanti.com\/#website","url":"https:\/\/cara-shanti.com\/","name":"Cara Shanti","description":"Somatic Yoga &amp; Embodiment Therapy","publisher":{"@id":"https:\/\/cara-shanti.com\/#organization"},"potentialAction":[{"@type":"SearchAction","target":{"@type":"EntryPoint","urlTemplate":"https:\/\/cara-shanti.com\/?s={search_term_string}"},"query-input":{"@type":"PropertyValueSpecification","valueRequired":true,"valueName":"search_term_string"}}],"inLanguage":"es-ES"},{"@type":"Organization","@id":"https:\/\/cara-shanti.com\/#organization","name":"Cara Shanti","url":"https:\/\/cara-shanti.com\/","logo":{"@type":"ImageObject","inLanguage":"es-ES","@id":"https:\/\/cara-shanti.com\/#\/schema\/logo\/image\/","url":"https:\/\/cara-shanti.com\/wp-content\/uploads\/2021\/07\/cropped-Sahasrara_Chakra_Spirituality.jpg","contentUrl":"https:\/\/cara-shanti.com\/wp-content\/uploads\/2021\/07\/cropped-Sahasrara_Chakra_Spirituality.jpg","width":512,"height":512,"caption":"Cara Shanti"},"image":{"@id":"https:\/\/cara-shanti.com\/#\/schema\/logo\/image\/"}}]}},"jetpack_sharing_enabled":true,"_links":{"self":[{"href":"https:\/\/cara-shanti.com\/es\/wp-json\/wp\/v2\/pages\/2874","targetHints":{"allow":["GET"]}}],"collection":[{"href":"https:\/\/cara-shanti.com\/es\/wp-json\/wp\/v2\/pages"}],"about":[{"href":"https:\/\/cara-shanti.com\/es\/wp-json\/wp\/v2\/types\/page"}],"author":[{"embeddable":true,"href":"https:\/\/cara-shanti.com\/es\/wp-json\/wp\/v2\/users\/1"}],"replies":[{"embeddable":true,"href":"https:\/\/cara-shanti.com\/es\/wp-json\/wp\/v2\/comments?post=2874"}],"version-history":[{"count":7,"href":"https:\/\/cara-shanti.com\/es\/wp-json\/wp\/v2\/pages\/2874\/revisions"}],"predecessor-version":[{"id":2993,"href":"https:\/\/cara-shanti.com\/es\/wp-json\/wp\/v2\/pages\/2874\/revisions\/2993"}],"wp:featuredmedia":[{"embeddable":true,"href":"https:\/\/cara-shanti.com\/es\/wp-json\/wp\/v2\/media\/2876"}],"wp:attachment":[{"href":"https:\/\/cara-shanti.com\/es\/wp-json\/wp\/v2\/media?parent=2874"}],"curies":[{"name":"wp","href":"https:\/\/api.w.org\/{rel}","templated":true}]}}