{"id":2869,"date":"2024-02-06T17:24:36","date_gmt":"2024-02-06T17:24:36","guid":{"rendered":"https:\/\/cara-shanti.com\/?page_id=2869"},"modified":"2024-10-01T00:22:32","modified_gmt":"2024-09-30T23:22:32","slug":"cacao-heart-opening-therapy","status":"publish","type":"page","link":"https:\/\/cara-shanti.com\/es\/cacao-heart-opening-therapy\/","title":{"rendered":"Terapia con Cacao"},"content":{"rendered":"<\/div>\n\n\n<div class=\"wp-block-cover is-light has-parallax is-style-default cover-mobile-tweak\" style=\"min-height:100vh;aspect-ratio:unset;\"><span aria-hidden=\"true\" class=\"wp-block-cover__background has-background-dim-0 has-background-dim\"><\/span><div class=\"wp-block-cover__image-background wp-image-2195 has-parallax\" style=\"background-position:50% 50%;background-image:url(https:\/\/cara-shanti.com\/wp-content\/uploads\/2024\/02\/Cacao-Ceremony-Heart-opening-Therapy.jpg)\"><\/div><div class=\"wp-block-cover__inner-container is-layout-flow wp-block-cover-is-layout-flow\">\n<p class=\"has-text-align-center has-large-font-size\"><\/p>\n<\/div><\/div>\n\n\n<div class=\"container-xl\">\n\n\n\n<hr class=\"wp-block-separator has-text-color has-white-color has-css-opacity has-white-background-color has-background\"\/>\n\n\n\n<h2 class=\"wp-block-heading\"><mark style=\"background-color:rgba(0, 0, 0, 0)\" class=\"has-inline-color has-purple-color\">Terapia del Coraz\u00f3n con Cacao en Puerto Escondido<\/mark><\/h2>\n\n\n\n<p>Abre tu coraz\u00f3n con cacao ceremonial. Durante la sesi\u00f3n de terapia, te sumergir\u00e1s en las cualidades medicinales del cacao ceremonial, guiado por mi experiencia en conocimientos som\u00e1ticos y Tantra. Juntos emprenderemos un viaje para conectar con las profundas emociones que residen en tu coraz\u00f3n.<\/p>\n\n\n\n<p>El cacao que preparo es un elixir sagrado que ha sido utilizado durante siglos en ceremonias. Es conocido por facilitar un viaje de apertura del coraz\u00f3n, permiti\u00e9ndote escuchar m\u00e1s atentamente los susurros de tu alma.<\/p>\n\n\n\n<p><strong>Ofrezco dos tipos de terapia con Cacao:<\/strong><\/p>\n\n\n\n<ul class=\"wp-block-list\">\n<li><strong>Ser Amor:<\/strong> Un viaje hacia el amor propio (1 persona)<\/li>\n\n\n\n<li><strong>Uni\u00f3n del Alma:<\/strong> Una ceremonia de cacao para parejas<\/li>\n<\/ul>\n\n\n\n<hr class=\"wp-block-separator has-text-color has-white-color has-alpha-channel-opacity has-white-background-color has-background\"\/>\n\n\n\n<h2 class=\"wp-block-heading\"><mark style=\"background-color:rgba(0, 0, 0, 0)\" class=\"has-inline-color has-purple-color\">Ser Amor: Un Viaje hacia el Amor Propio<\/mark><\/h2>\n\n\n\n<p>\u00bfEst\u00e1s dispuesto a abrirte al amor propio?<\/p>\n\n\n\n<p>En esta sesi\u00f3n 1:1, te guiar\u00e9 en un paseo por dentro de tu coraz\u00f3n y su belleza. A trav\u00e9s de pr\u00e1cticas centradas en el coraz\u00f3n, mindfulness y herramientas personalizadas, este viaje es una celebraci\u00f3n de tu esencia \u00fanica.<\/p>\n\n\n\n<p><strong>\u00bfQu\u00e9 puedes esperar durante la sesi\u00f3n?<\/strong><\/p>\n\n\n\n<ul class=\"wp-block-list\">\n<li><strong>Activaci\u00f3n del Cacao:<\/strong> Sum\u00e9rgete en la riqueza del cacao ceremonial, encendiendo un viaje de autodescubrimiento y liberaci\u00f3n emocional.<\/li>\n\n\n\n<li><strong>Movimiento Som\u00e1tico:<\/strong> Fluye a trav\u00e9s de secuencias de yoga som\u00e1tico adaptadas que invitan a tu cuerpo a expresar su lenguaje \u00fanico.<\/li>\n\n\n\n<li><strong>Trabajo con el Ni\u00f1o Interior:<\/strong> Esta pr\u00e1ctica sagrada te invita a reconectar con la versi\u00f3n m\u00e1s joven de ti mismo, desbloqueando sanaci\u00f3n y comprensi\u00f3n que trascienden el tiempo.<\/li>\n<\/ul>\n\n\n\n<hr class=\"wp-block-separator has-text-color has-white-color has-alpha-channel-opacity has-white-background-color has-background\"\/>\n\n\n\n<div class=\"wp-block-buttons is-content-justification-center is-layout-flex wp-container-core-buttons-is-layout-16018d1d wp-block-buttons-is-layout-flex\">\n<div class=\"wp-block-button is-style-outline is-style-outline--1\"><a class=\"wp-block-button__link has-purple-color has-white-background-color has-text-color has-background has-link-color has-text-align-center wp-element-button\" href=\"https:\/\/cara-shanti.com\/contact\/\">\u00a1Pong\u00e1monos en contacto!<\/a><\/div>\n<\/div>\n\n\n\n<hr class=\"wp-block-separator has-text-color has-white-color has-alpha-channel-opacity has-white-background-color has-background\"\/>\n\n\n\n<h2 class=\"wp-block-heading\"><mark style=\"background-color:rgba(0, 0, 0, 0)\" class=\"has-inline-color has-purple-color\">Uni\u00f3n del Alma: Una Ceremonia de Cacao para Parejas<\/mark><\/h2>\n\n\n\n<p><strong>Uni\u00f3n del Alma: Una Ceremonia de Cacao para Parejas<\/strong><\/p>\n\n\n\n<p>&#8220;Cuando amas a alguien, lo mejor que puedes ofrecer es tu presencia&#8221; &#8211; Thich Nhat Hanh, monje budista.<\/p>\n\n\n\n<p>Haz una pausa y \u00fanete aut\u00e9nticamente con tu ser querido, de coraz\u00f3n a coraz\u00f3n. Celebra la magia de tu amor con mi exclusiva Ceremonia de Cacao para Parejas, un viaje \u00edntimo dise\u00f1ado para ti y tu pareja. Descon\u00e9ctate del mundo exterior y conecta a un nivel m\u00e1s profundo mientras el cacao ceremonial se convierte en el elixir que une sus corazones.<\/p>\n\n\n\n<p><strong>\u00bfQu\u00e9 puedes esperar durante la sesi\u00f3n?<\/strong><\/p>\n\n\n\n<ul class=\"wp-block-list\">\n<li><strong>Elixir de Apertura del Coraz\u00f3n:<\/strong> Disfruta del c\u00e1lido elixir del cacao ceremonial, permitiendo que sus propiedades suaves abran sus corazones y profundicen su conexi\u00f3n.<\/li>\n\n\n\n<li><strong>Meditaci\u00f3n Guiada:<\/strong> Sum\u00e9rjanse en una meditaci\u00f3n compartida, fomentando una energ\u00eda armoniosa entre ustedes.<\/li>\n\n\n\n<li><strong>V\u00ednculo \u00cdntimo:<\/strong> Participen en actividades en pareja dise\u00f1adas para mejorar la comunicaci\u00f3n, la confianza y el entendimiento mutuo.<\/li>\n<\/ul>\n\n\n\n<hr class=\"wp-block-separator has-text-color has-white-color has-alpha-channel-opacity has-white-background-color has-background\"\/>\n\n\n\n<div class=\"wp-block-buttons alignwide is-content-justification-center is-layout-flex wp-container-core-buttons-is-layout-16018d1d wp-block-buttons-is-layout-flex\">\n<div class=\"wp-block-button is-style-outline is-style-outline--2\"><a class=\"wp-block-button__link has-purple-color has-white-background-color has-text-color has-background has-link-color has-text-align-center wp-element-button\">\u00a1Pong\u00e1monos en contacto!<\/a><\/div>\n<\/div>\n\n\n\n<hr class=\"wp-block-separator has-text-color has-white-color has-alpha-channel-opacity has-white-background-color has-background\"\/>\n\n\n\n<figure class=\"wp-block-image alignwide size-large is-style-default\"><img fetchpriority=\"high\" decoding=\"async\" width=\"1024\" height=\"684\" src=\"https:\/\/cara-shanti.com\/wp-content\/uploads\/2024\/02\/couple-tantra-meditation-yoga-1024x684.jpg\" alt=\"couple-tantra-meditation-yoga\" class=\"wp-image-2203\" srcset=\"https:\/\/cara-shanti.com\/wp-content\/uploads\/2024\/02\/couple-tantra-meditation-yoga-1024x684.jpg 1024w, https:\/\/cara-shanti.com\/wp-content\/uploads\/2024\/02\/couple-tantra-meditation-yoga-300x200.jpg 300w, https:\/\/cara-shanti.com\/wp-content\/uploads\/2024\/02\/couple-tantra-meditation-yoga-768x513.jpg 768w, https:\/\/cara-shanti.com\/wp-content\/uploads\/2024\/02\/couple-tantra-meditation-yoga-600x401.jpg 600w, https:\/\/cara-shanti.com\/wp-content\/uploads\/2024\/02\/couple-tantra-meditation-yoga.jpg 1200w\" sizes=\"(max-width: 1024px) 100vw, 1024px\" \/><\/figure>\n\n\n\n<p><br><br><br><br><\/p>\n\n\n\n<p><\/p>\n","protected":false},"excerpt":{"rendered":"<p>Terapia del Coraz\u00f3n con Cacao en Puerto Escondido Abre tu coraz\u00f3n con cacao ceremonial. Durante la sesi\u00f3n de terapia, te sumergir\u00e1s en las cualidades medicinales del cacao ceremonial, guiado por mi experiencia en conocimientos som\u00e1ticos y Tantra. Juntos emprenderemos un viaje para conectar con las profundas emociones que residen en tu coraz\u00f3n. El cacao que [&hellip;]<\/p>\n","protected":false},"author":1,"featured_media":2873,"parent":0,"menu_order":0,"comment_status":"closed","ping_status":"closed","template":"","meta":{"_acf_changed":false,"footnotes":""},"class_list":["post-2869","page","type-page","status-publish","has-post-thumbnail","hentry"],"acf":[],"yoast_head":"<!-- This site is optimized with the Yoast SEO plugin v27.4 - https:\/\/yoast.com\/product\/yoast-seo-wordpress\/ -->\n<title>Terapia del Coraz\u00f3n con Cacao - Puerto Escondido - Cara Shanti<\/title>\n<meta name=\"description\" content=\"Abre tu coraz\u00f3n con cacao ceremonial. Durante la sesi\u00f3n de terapia, te sumergir\u00e1s en las cualidades medicinales del cacao. Puerto Escondido Mexico\" \/>\n<meta name=\"robots\" content=\"index, follow, max-snippet:-1, max-image-preview:large, max-video-preview:-1\" \/>\n<link rel=\"canonical\" href=\"https:\/\/cara-shanti.com\/es\/cacao-heart-opening-therapy\/\" \/>\n<meta property=\"og:locale\" content=\"es_ES\" \/>\n<meta property=\"og:type\" content=\"article\" \/>\n<meta property=\"og:title\" content=\"Terapia del Coraz\u00f3n con Cacao - Puerto Escondido - Cara Shanti\" \/>\n<meta property=\"og:description\" content=\"Abre tu coraz\u00f3n con cacao ceremonial. Durante la sesi\u00f3n de terapia, te sumergir\u00e1s en las cualidades medicinales del cacao. Puerto Escondido Mexico\" \/>\n<meta property=\"og:url\" content=\"https:\/\/cara-shanti.com\/es\/cacao-heart-opening-therapy\/\" \/>\n<meta property=\"og:site_name\" content=\"Cara Shanti\" \/>\n<meta property=\"article:modified_time\" content=\"2024-09-30T23:22:32+00:00\" \/>\n<meta property=\"og:image\" content=\"https:\/\/cara-shanti.com\/wp-content\/uploads\/2022\/05\/yoga-reverse-warrior.jpg\" \/>\n\t<meta property=\"og:image:width\" content=\"1714\" \/>\n\t<meta property=\"og:image:height\" content=\"799\" \/>\n\t<meta property=\"og:image:type\" content=\"image\/jpeg\" \/>\n<meta name=\"twitter:card\" content=\"summary_large_image\" \/>\n<meta name=\"twitter:label1\" content=\"Est. reading time\" \/>\n\t<meta name=\"twitter:data1\" content=\"3 minutes\" \/>\n<script type=\"application\/ld+json\" class=\"yoast-schema-graph\">{\"@context\":\"https:\\\/\\\/schema.org\",\"@graph\":[{\"@type\":\"WebPage\",\"@id\":\"https:\\\/\\\/cara-shanti.com\\\/es\\\/cacao-heart-opening-therapy\\\/\",\"url\":\"https:\\\/\\\/cara-shanti.com\\\/es\\\/cacao-heart-opening-therapy\\\/\",\"name\":\"Terapia del Coraz\u00f3n con Cacao - Puerto Escondido - Cara Shanti\",\"isPartOf\":{\"@id\":\"https:\\\/\\\/cara-shanti.com\\\/#website\"},\"primaryImageOfPage\":{\"@id\":\"https:\\\/\\\/cara-shanti.com\\\/es\\\/cacao-heart-opening-therapy\\\/#primaryimage\"},\"image\":{\"@id\":\"https:\\\/\\\/cara-shanti.com\\\/es\\\/cacao-heart-opening-therapy\\\/#primaryimage\"},\"thumbnailUrl\":\"https:\\\/\\\/cara-shanti.com\\\/wp-content\\\/uploads\\\/2022\\\/05\\\/yoga-reverse-warrior.jpg\",\"datePublished\":\"2024-02-06T17:24:36+00:00\",\"dateModified\":\"2024-09-30T23:22:32+00:00\",\"description\":\"Abre tu coraz\u00f3n con cacao ceremonial. Durante la sesi\u00f3n de terapia, te sumergir\u00e1s en las cualidades medicinales del cacao. Puerto Escondido Mexico\",\"breadcrumb\":{\"@id\":\"https:\\\/\\\/cara-shanti.com\\\/es\\\/cacao-heart-opening-therapy\\\/#breadcrumb\"},\"inLanguage\":\"es-ES\",\"potentialAction\":[{\"@type\":\"ReadAction\",\"target\":[\"https:\\\/\\\/cara-shanti.com\\\/es\\\/cacao-heart-opening-therapy\\\/\"]}]},{\"@type\":\"ImageObject\",\"inLanguage\":\"es-ES\",\"@id\":\"https:\\\/\\\/cara-shanti.com\\\/es\\\/cacao-heart-opening-therapy\\\/#primaryimage\",\"url\":\"https:\\\/\\\/cara-shanti.com\\\/wp-content\\\/uploads\\\/2022\\\/05\\\/yoga-reverse-warrior.jpg\",\"contentUrl\":\"https:\\\/\\\/cara-shanti.com\\\/wp-content\\\/uploads\\\/2022\\\/05\\\/yoga-reverse-warrior.jpg\",\"width\":1714,\"height\":799},{\"@type\":\"BreadcrumbList\",\"@id\":\"https:\\\/\\\/cara-shanti.com\\\/es\\\/cacao-heart-opening-therapy\\\/#breadcrumb\",\"itemListElement\":[{\"@type\":\"ListItem\",\"position\":1,\"name\":\"Home\",\"item\":\"https:\\\/\\\/cara-shanti.com\\\/es\\\/home\\\/\"},{\"@type\":\"ListItem\",\"position\":2,\"name\":\"Terapia con Cacao\"}]},{\"@type\":\"WebSite\",\"@id\":\"https:\\\/\\\/cara-shanti.com\\\/#website\",\"url\":\"https:\\\/\\\/cara-shanti.com\\\/\",\"name\":\"Cara Shanti\",\"description\":\"Somatic Yoga &amp; Embodiment Therapy\",\"publisher\":{\"@id\":\"https:\\\/\\\/cara-shanti.com\\\/#organization\"},\"potentialAction\":[{\"@type\":\"SearchAction\",\"target\":{\"@type\":\"EntryPoint\",\"urlTemplate\":\"https:\\\/\\\/cara-shanti.com\\\/?s={search_term_string}\"},\"query-input\":{\"@type\":\"PropertyValueSpecification\",\"valueRequired\":true,\"valueName\":\"search_term_string\"}}],\"inLanguage\":\"es-ES\"},{\"@type\":\"Organization\",\"@id\":\"https:\\\/\\\/cara-shanti.com\\\/#organization\",\"name\":\"Cara Shanti\",\"url\":\"https:\\\/\\\/cara-shanti.com\\\/\",\"logo\":{\"@type\":\"ImageObject\",\"inLanguage\":\"es-ES\",\"@id\":\"https:\\\/\\\/cara-shanti.com\\\/#\\\/schema\\\/logo\\\/image\\\/\",\"url\":\"https:\\\/\\\/cara-shanti.com\\\/wp-content\\\/uploads\\\/2021\\\/07\\\/cropped-Sahasrara_Chakra_Spirituality.jpg\",\"contentUrl\":\"https:\\\/\\\/cara-shanti.com\\\/wp-content\\\/uploads\\\/2021\\\/07\\\/cropped-Sahasrara_Chakra_Spirituality.jpg\",\"width\":512,\"height\":512,\"caption\":\"Cara Shanti\"},\"image\":{\"@id\":\"https:\\\/\\\/cara-shanti.com\\\/#\\\/schema\\\/logo\\\/image\\\/\"}}]}<\/script>\n<!-- \/ Yoast SEO plugin. -->","yoast_head_json":{"title":"Terapia del Coraz\u00f3n con Cacao - Puerto Escondido - Cara Shanti","description":"Abre tu coraz\u00f3n con cacao ceremonial. Durante la sesi\u00f3n de terapia, te sumergir\u00e1s en las cualidades medicinales del cacao. Puerto Escondido Mexico","robots":{"index":"index","follow":"follow","max-snippet":"max-snippet:-1","max-image-preview":"max-image-preview:large","max-video-preview":"max-video-preview:-1"},"canonical":"https:\/\/cara-shanti.com\/es\/cacao-heart-opening-therapy\/","og_locale":"es_ES","og_type":"article","og_title":"Terapia del Coraz\u00f3n con Cacao - Puerto Escondido - Cara Shanti","og_description":"Abre tu coraz\u00f3n con cacao ceremonial. Durante la sesi\u00f3n de terapia, te sumergir\u00e1s en las cualidades medicinales del cacao. Puerto Escondido Mexico","og_url":"https:\/\/cara-shanti.com\/es\/cacao-heart-opening-therapy\/","og_site_name":"Cara Shanti","article_modified_time":"2024-09-30T23:22:32+00:00","og_image":[{"width":1714,"height":799,"url":"https:\/\/cara-shanti.com\/wp-content\/uploads\/2022\/05\/yoga-reverse-warrior.jpg","type":"image\/jpeg"}],"twitter_card":"summary_large_image","twitter_misc":{"Est. reading time":"3 minutes"},"schema":{"@context":"https:\/\/schema.org","@graph":[{"@type":"WebPage","@id":"https:\/\/cara-shanti.com\/es\/cacao-heart-opening-therapy\/","url":"https:\/\/cara-shanti.com\/es\/cacao-heart-opening-therapy\/","name":"Terapia del Coraz\u00f3n con Cacao - Puerto Escondido - Cara Shanti","isPartOf":{"@id":"https:\/\/cara-shanti.com\/#website"},"primaryImageOfPage":{"@id":"https:\/\/cara-shanti.com\/es\/cacao-heart-opening-therapy\/#primaryimage"},"image":{"@id":"https:\/\/cara-shanti.com\/es\/cacao-heart-opening-therapy\/#primaryimage"},"thumbnailUrl":"https:\/\/cara-shanti.com\/wp-content\/uploads\/2022\/05\/yoga-reverse-warrior.jpg","datePublished":"2024-02-06T17:24:36+00:00","dateModified":"2024-09-30T23:22:32+00:00","description":"Abre tu coraz\u00f3n con cacao ceremonial. Durante la sesi\u00f3n de terapia, te sumergir\u00e1s en las cualidades medicinales del cacao. Puerto Escondido Mexico","breadcrumb":{"@id":"https:\/\/cara-shanti.com\/es\/cacao-heart-opening-therapy\/#breadcrumb"},"inLanguage":"es-ES","potentialAction":[{"@type":"ReadAction","target":["https:\/\/cara-shanti.com\/es\/cacao-heart-opening-therapy\/"]}]},{"@type":"ImageObject","inLanguage":"es-ES","@id":"https:\/\/cara-shanti.com\/es\/cacao-heart-opening-therapy\/#primaryimage","url":"https:\/\/cara-shanti.com\/wp-content\/uploads\/2022\/05\/yoga-reverse-warrior.jpg","contentUrl":"https:\/\/cara-shanti.com\/wp-content\/uploads\/2022\/05\/yoga-reverse-warrior.jpg","width":1714,"height":799},{"@type":"BreadcrumbList","@id":"https:\/\/cara-shanti.com\/es\/cacao-heart-opening-therapy\/#breadcrumb","itemListElement":[{"@type":"ListItem","position":1,"name":"Home","item":"https:\/\/cara-shanti.com\/es\/home\/"},{"@type":"ListItem","position":2,"name":"Terapia con Cacao"}]},{"@type":"WebSite","@id":"https:\/\/cara-shanti.com\/#website","url":"https:\/\/cara-shanti.com\/","name":"Cara Shanti","description":"Somatic Yoga &amp; Embodiment Therapy","publisher":{"@id":"https:\/\/cara-shanti.com\/#organization"},"potentialAction":[{"@type":"SearchAction","target":{"@type":"EntryPoint","urlTemplate":"https:\/\/cara-shanti.com\/?s={search_term_string}"},"query-input":{"@type":"PropertyValueSpecification","valueRequired":true,"valueName":"search_term_string"}}],"inLanguage":"es-ES"},{"@type":"Organization","@id":"https:\/\/cara-shanti.com\/#organization","name":"Cara Shanti","url":"https:\/\/cara-shanti.com\/","logo":{"@type":"ImageObject","inLanguage":"es-ES","@id":"https:\/\/cara-shanti.com\/#\/schema\/logo\/image\/","url":"https:\/\/cara-shanti.com\/wp-content\/uploads\/2021\/07\/cropped-Sahasrara_Chakra_Spirituality.jpg","contentUrl":"https:\/\/cara-shanti.com\/wp-content\/uploads\/2021\/07\/cropped-Sahasrara_Chakra_Spirituality.jpg","width":512,"height":512,"caption":"Cara Shanti"},"image":{"@id":"https:\/\/cara-shanti.com\/#\/schema\/logo\/image\/"}}]}},"jetpack_sharing_enabled":true,"_links":{"self":[{"href":"https:\/\/cara-shanti.com\/es\/wp-json\/wp\/v2\/pages\/2869","targetHints":{"allow":["GET"]}}],"collection":[{"href":"https:\/\/cara-shanti.com\/es\/wp-json\/wp\/v2\/pages"}],"about":[{"href":"https:\/\/cara-shanti.com\/es\/wp-json\/wp\/v2\/types\/page"}],"author":[{"embeddable":true,"href":"https:\/\/cara-shanti.com\/es\/wp-json\/wp\/v2\/users\/1"}],"replies":[{"embeddable":true,"href":"https:\/\/cara-shanti.com\/es\/wp-json\/wp\/v2\/comments?post=2869"}],"version-history":[{"count":3,"href":"https:\/\/cara-shanti.com\/es\/wp-json\/wp\/v2\/pages\/2869\/revisions"}],"predecessor-version":[{"id":2937,"href":"https:\/\/cara-shanti.com\/es\/wp-json\/wp\/v2\/pages\/2869\/revisions\/2937"}],"wp:featuredmedia":[{"embeddable":true,"href":"https:\/\/cara-shanti.com\/es\/wp-json\/wp\/v2\/media\/2873"}],"wp:attachment":[{"href":"https:\/\/cara-shanti.com\/es\/wp-json\/wp\/v2\/media?parent=2869"}],"curies":[{"name":"wp","href":"https:\/\/api.w.org\/{rel}","templated":true}]}}